{"id":37,"date":"2025-02-06T15:25:17","date_gmt":"2025-02-06T15:25:17","guid":{"rendered":"https:\/\/goldenstedter-moor.de\/a-propos-de-nous\/"},"modified":"2025-02-07T07:59:42","modified_gmt":"2025-02-07T07:59:42","slug":"a-propos-de-nous","status":"publish","type":"page","link":"https:\/\/goldenstedter-moor.de\/ro\/a-propos-de-nous\/","title":{"rendered":"Despre noi"},"content":{"rendered":"<p>GoldenstedterMoor este un blog dedicat lumii fascinante a modei. Prin intermediul articolelor noastre, analiz\u0103m tendin\u021bele, \u00eemp\u0103rt\u0103\u0219im inspira\u021bie \u0219i eviden\u021biem designerii care modeleaz\u0103 industria vestimentar\u0103.<\/p>\n<p><img loading=\"lazy\" decoding=\"async\" class=\"aligncenter wp-image-36 size-full\" src=\"https:\/\/goldenstedter-moor.de\/wp-content\/uploads\/2025\/02\/kto-znal-sluchajnye-mozhet-vyglyadet-tak-glem.jpg\" alt=\"\" width=\"612\" height=\"398\" srcset=\"https:\/\/goldenstedter-moor.de\/wp-content\/uploads\/2025\/02\/kto-znal-sluchajnye-mozhet-vyglyadet-tak-glem.jpg 612w, https:\/\/goldenstedter-moor.de\/wp-content\/uploads\/2025\/02\/kto-znal-sluchajnye-mozhet-vyglyadet-tak-glem-300x195.jpg 300w\" sizes=\"auto, (max-width: 612px) 100vw, 612px\" \/><\/p>\n<h2>Ce ve\u021bi g\u0103si aici<\/h2>\n<ul>\n<li>Descifrarea tendin\u021belor actuale \u0219i viitoare<\/li>\n<li>Ghiduri practice pentru a-\u021bi afirma stilul personal<\/li>\n<li>Concentrare pe designeri emergen\u021bi \u0219i branduri emblematice<\/li>\n<li>Sfaturi pentru o mod\u0103 mai responsabil\u0103 \u0219i etic\u0103<\/li>\n<li>Interviuri \u0219i analize exclusive din lumea modei<\/li>\n<\/ul>\n<h2>Angajamentul nostru: Inspira\u021bie \u0219i expertiz\u0103<\/h2>\n<p>Credem c\u0103 moda este mai mult dec\u00e2t o simpl\u0103 alegere vestimentar\u0103: este un limbaj universal care \u00ee\u021bi permite s\u0103-\u021bi exprimi personalitatea. GoldenstedterMoor te ghideaz\u0103 \u00een c\u0103utarea stilului, oferindu-\u021bi perspective de specialitate \u0219i sfaturi relevante.<\/p>","protected":false},"excerpt":{"rendered":"<p>GoldenstedterMoor este un blog dedicat lumii fascinante a modei. Prin intermediul articolelor noastre, analiz\u0103m tendin\u021bele, \u00eemp\u0103rt\u0103\u0219im inspira\u021bie \u0219i eviden\u021biem designerii care modeleaz\u0103 industria vestimentar\u0103. Ce ve\u021bi g\u0103si aici: Decodificarea tendin\u021belor actuale \u0219i viitoare; Ghiduri practice pentru a v\u0103 exprima stilul personal; Reflectorizante asupra designerilor [\u2026]<\/p>","protected":false},"author":1,"featured_media":0,"parent":0,"menu_order":0,"comment_status":"closed","ping_status":"closed","template":"","meta":{"_acf_changed":false,"footnotes":""},"class_list":["post-37","page","type-page","status-publish","hentry"],"acf":[],"yoast_head":"<!-- This site is optimized with the Yoast SEO plugin v23.2 - https:\/\/yoast.com\/wordpress\/plugins\/seo\/ -->\n<title>\u00c0 propos de nous - goldenstedter-moor.de<\/title>\n<meta name=\"description\" content=\"GoldenstedterMoor est un blog mode qui d\u00e9crypte les tendances, partage des conseils et met en lumi\u00e8re les cr\u00e9ateurs influents.\" \/>\n<meta name=\"robots\" content=\"index, follow, max-snippet:-1, max-image-preview:large, max-video-preview:-1\" \/>\n<link rel=\"canonical\" href=\"https:\/\/goldenstedter-moor.de\/ro\/a-propos-de-nous\/\" \/>\n<meta property=\"og:locale\" content=\"ro_RO\" \/>\n<meta property=\"og:type\" content=\"article\" \/>\n<meta property=\"og:title\" content=\"\u00c0 propos de nous - goldenstedter-moor.de\" \/>\n<meta property=\"og:description\" content=\"GoldenstedterMoor est un blog mode qui d\u00e9crypte les tendances, partage des conseils et met en lumi\u00e8re les cr\u00e9ateurs influents.\" \/>\n<meta property=\"og:url\" content=\"https:\/\/goldenstedter-moor.de\/ro\/a-propos-de-nous\/\" \/>\n<meta property=\"og:site_name\" content=\"goldenstedter-moor.de\" \/>\n<meta property=\"article:modified_time\" content=\"2025-02-07T07:59:42+00:00\" \/>\n<meta property=\"og:image\" content=\"https:\/\/goldenstedter-moor.de\/wp-content\/uploads\/2025\/02\/kto-znal-sluchajnye-mozhet-vyglyadet-tak-glem.jpg\" \/>\n<meta name=\"twitter:card\" content=\"summary_large_image\" \/>\n<meta name=\"twitter:label1\" content=\"Timp estimat pentru citire\" \/>\n\t<meta name=\"twitter:data1\" content=\"2 minute\" \/>\n<script type=\"application\/ld+json\" class=\"yoast-schema-graph\">{\"@context\":\"https:\/\/schema.org\",\"@graph\":[{\"@type\":\"WebPage\",\"@id\":\"https:\/\/goldenstedter-moor.de\/a-propos-de-nous\/\",\"url\":\"https:\/\/goldenstedter-moor.de\/a-propos-de-nous\/\",\"name\":\"\u00c0 propos de nous - goldenstedter-moor.de\",\"isPartOf\":{\"@id\":\"https:\/\/goldenstedter-moor.de\/#website\"},\"primaryImageOfPage\":{\"@id\":\"https:\/\/goldenstedter-moor.de\/a-propos-de-nous\/#primaryimage\"},\"image\":{\"@id\":\"https:\/\/goldenstedter-moor.de\/a-propos-de-nous\/#primaryimage\"},\"thumbnailUrl\":\"https:\/\/goldenstedter-moor.de\/wp-content\/uploads\/2025\/02\/kto-znal-sluchajnye-mozhet-vyglyadet-tak-glem.jpg\",\"datePublished\":\"2025-02-06T15:25:17+00:00\",\"dateModified\":\"2025-02-07T07:59:42+00:00\",\"description\":\"GoldenstedterMoor est un blog mode qui d\u00e9crypte les tendances, partage des conseils et met en lumi\u00e8re les cr\u00e9ateurs influents.\",\"breadcrumb\":{\"@id\":\"https:\/\/goldenstedter-moor.de\/a-propos-de-nous\/#breadcrumb\"},\"inLanguage\":\"ro-RO\",\"potentialAction\":[{\"@type\":\"ReadAction\",\"target\":[\"https:\/\/goldenstedter-moor.de\/a-propos-de-nous\/\"]}]},{\"@type\":\"ImageObject\",\"inLanguage\":\"ro-RO\",\"@id\":\"https:\/\/goldenstedter-moor.de\/a-propos-de-nous\/#primaryimage\",\"url\":\"https:\/\/goldenstedter-moor.de\/wp-content\/uploads\/2025\/02\/kto-znal-sluchajnye-mozhet-vyglyadet-tak-glem.jpg\",\"contentUrl\":\"https:\/\/goldenstedter-moor.de\/wp-content\/uploads\/2025\/02\/kto-znal-sluchajnye-mozhet-vyglyadet-tak-glem.jpg\"},{\"@type\":\"BreadcrumbList\",\"@id\":\"https:\/\/goldenstedter-moor.de\/a-propos-de-nous\/#breadcrumb\",\"itemListElement\":[{\"@type\":\"ListItem\",\"position\":1,\"name\":\"Home\",\"item\":\"https:\/\/goldenstedter-moor.de\/\"},{\"@type\":\"ListItem\",\"position\":2,\"name\":\"\u00c0 propos de nous\"}]},{\"@type\":\"WebSite\",\"@id\":\"https:\/\/goldenstedter-moor.de\/#website\",\"url\":\"https:\/\/goldenstedter-moor.de\/\",\"name\":\"goldenstedter-moor.de\",\"description\":\"Mode Inspirante: Astuces &amp; Styles\",\"potentialAction\":[{\"@type\":\"SearchAction\",\"target\":{\"@type\":\"EntryPoint\",\"urlTemplate\":\"https:\/\/goldenstedter-moor.de\/?s={search_term_string}\"},\"query-input\":\"required name=search_term_string\"}],\"inLanguage\":\"ro-RO\"}]}<\/script>\n<!-- \/ Yoast SEO plugin. -->","yoast_head_json":{"title":"\u00c0 propos de nous - goldenstedter-moor.de","description":"GoldenstedterMoor est un blog mode qui d\u00e9crypte les tendances, partage des conseils et met en lumi\u00e8re les cr\u00e9ateurs influents.","robots":{"index":"index","follow":"follow","max-snippet":"max-snippet:-1","max-image-preview":"max-image-preview:large","max-video-preview":"max-video-preview:-1"},"canonical":"https:\/\/goldenstedter-moor.de\/ro\/a-propos-de-nous\/","og_locale":"ro_RO","og_type":"article","og_title":"\u00c0 propos de nous - goldenstedter-moor.de","og_description":"GoldenstedterMoor est un blog mode qui d\u00e9crypte les tendances, partage des conseils et met en lumi\u00e8re les cr\u00e9ateurs influents.","og_url":"https:\/\/goldenstedter-moor.de\/ro\/a-propos-de-nous\/","og_site_name":"goldenstedter-moor.de","article_modified_time":"2025-02-07T07:59:42+00:00","og_image":[{"url":"https:\/\/goldenstedter-moor.de\/wp-content\/uploads\/2025\/02\/kto-znal-sluchajnye-mozhet-vyglyadet-tak-glem.jpg"}],"twitter_card":"summary_large_image","twitter_misc":{"Timp estimat pentru citire":"2 minute"},"schema":{"@context":"https:\/\/schema.org","@graph":[{"@type":"WebPage","@id":"https:\/\/goldenstedter-moor.de\/a-propos-de-nous\/","url":"https:\/\/goldenstedter-moor.de\/a-propos-de-nous\/","name":"\u00c0 propos de nous - goldenstedter-moor.de","isPartOf":{"@id":"https:\/\/goldenstedter-moor.de\/#website"},"primaryImageOfPage":{"@id":"https:\/\/goldenstedter-moor.de\/a-propos-de-nous\/#primaryimage"},"image":{"@id":"https:\/\/goldenstedter-moor.de\/a-propos-de-nous\/#primaryimage"},"thumbnailUrl":"https:\/\/goldenstedter-moor.de\/wp-content\/uploads\/2025\/02\/kto-znal-sluchajnye-mozhet-vyglyadet-tak-glem.jpg","datePublished":"2025-02-06T15:25:17+00:00","dateModified":"2025-02-07T07:59:42+00:00","description":"GoldenstedterMoor est un blog mode qui d\u00e9crypte les tendances, partage des conseils et met en lumi\u00e8re les cr\u00e9ateurs influents.","breadcrumb":{"@id":"https:\/\/goldenstedter-moor.de\/a-propos-de-nous\/#breadcrumb"},"inLanguage":"ro-RO","potentialAction":[{"@type":"ReadAction","target":["https:\/\/goldenstedter-moor.de\/a-propos-de-nous\/"]}]},{"@type":"ImageObject","inLanguage":"ro-RO","@id":"https:\/\/goldenstedter-moor.de\/a-propos-de-nous\/#primaryimage","url":"https:\/\/goldenstedter-moor.de\/wp-content\/uploads\/2025\/02\/kto-znal-sluchajnye-mozhet-vyglyadet-tak-glem.jpg","contentUrl":"https:\/\/goldenstedter-moor.de\/wp-content\/uploads\/2025\/02\/kto-znal-sluchajnye-mozhet-vyglyadet-tak-glem.jpg"},{"@type":"BreadcrumbList","@id":"https:\/\/goldenstedter-moor.de\/a-propos-de-nous\/#breadcrumb","itemListElement":[{"@type":"ListItem","position":1,"name":"Home","item":"https:\/\/goldenstedter-moor.de\/"},{"@type":"ListItem","position":2,"name":"\u00c0 propos de nous"}]},{"@type":"WebSite","@id":"https:\/\/goldenstedter-moor.de\/#website","url":"https:\/\/goldenstedter-moor.de\/","name":"goldenstedter-moor.de","description":"Mode Inspirante: Astuces &amp; Styles","potentialAction":[{"@type":"SearchAction","target":{"@type":"EntryPoint","urlTemplate":"https:\/\/goldenstedter-moor.de\/?s={search_term_string}"},"query-input":"required name=search_term_string"}],"inLanguage":"ro-RO"}]}},"yoast_meta":{"yoast_wpseo_title":"","yoast_wpseo_metadesc":"","yoast_wpseo_canonical":"https:\/\/goldenstedter-moor.de\/ro\/wp-json\/wp\/v2\/pages\/37"},"_links":{"self":[{"href":"https:\/\/goldenstedter-moor.de\/ro\/wp-json\/wp\/v2\/pages\/37","targetHints":{"allow":["GET"]}}],"collection":[{"href":"https:\/\/goldenstedter-moor.de\/ro\/wp-json\/wp\/v2\/pages"}],"about":[{"href":"https:\/\/goldenstedter-moor.de\/ro\/wp-json\/wp\/v2\/types\/page"}],"author":[{"embeddable":true,"href":"https:\/\/goldenstedter-moor.de\/ro\/wp-json\/wp\/v2\/users\/1"}],"replies":[{"embeddable":true,"href":"https:\/\/goldenstedter-moor.de\/ro\/wp-json\/wp\/v2\/comments?post=37"}],"version-history":[{"count":1,"href":"https:\/\/goldenstedter-moor.de\/ro\/wp-json\/wp\/v2\/pages\/37\/revisions"}],"predecessor-version":[{"id":43,"href":"https:\/\/goldenstedter-moor.de\/ro\/wp-json\/wp\/v2\/pages\/37\/revisions\/43"}],"wp:attachment":[{"href":"https:\/\/goldenstedter-moor.de\/ro\/wp-json\/wp\/v2\/media?parent=37"}],"curies":[{"name":"wp","href":"https:\/\/api.w.org\/{rel}","templated":true}]}}