{"id":38,"date":"2025-02-06T15:25:23","date_gmt":"2025-02-06T15:25:23","guid":{"rendered":"https:\/\/goldenstedter-moor.de\/coordonnees\/"},"modified":"2025-02-07T08:07:07","modified_gmt":"2025-02-07T08:07:07","slug":"coordonnees","status":"publish","type":"page","link":"https:\/\/goldenstedter-moor.de\/ro\/coordonnees\/","title":{"rendered":"Date de contact"},"content":{"rendered":"<p>\u00centreb\u0103ri despre colec\u021biile noastre de mod\u0103 sau despre comanda dvs.? Echipa noastr\u0103 de asisten\u021b\u0103 clien\u021bi v\u0103 st\u0103 la dispozi\u021bie pentru a v\u0103 \u00eendruma \u0219i consilia.<\/p>\n<h2>Contacta\u021bi-ne direct<\/h2>\n<p>Completa\u021bi formularul urm\u0103tor \u0219i v\u0103 vom r\u0103spunde c\u00e2t mai cur\u00e2nd posibil.<\/p>\n<form action=\"mailto:support@goldenstedter-moor.de\" method=\"POST\" enctype=\"text\/plain\" data-trp-original-action=\"mailto:support@goldenstedter-moor.de\">\n      <label for=\"name\">Numele dumneavoastr\u0103:<\/label><br \/>\n      <input type=\"text\" id=\"name\" name=\"name\" required><\/p>\n<p>      <label for=\"email\">Adresa dvs. de e-mail:<\/label><br \/>\n      <input type=\"email\" id=\"email\" name=\"email\" required><\/p>\n<p>      <label for=\"message\">Cererea dumneavoastr\u0103:<\/label><br \/>\n      <textarea id=\"message\" name=\"message\" rows=\"4\" cols=\"50\" required><\/textarea><\/p>\n<p>      <button type=\"submit\">Trimite<\/button><br \/>\n    <input type=\"hidden\" name=\"trp-form-language\" value=\"ro\"\/><\/form>","protected":false},"excerpt":{"rendered":"<p>\u00centreb\u0103ri despre colec\u021biile noastre de mod\u0103 sau despre comanda dvs.? Echipa noastr\u0103 de asisten\u021b\u0103 clien\u021bi este aici pentru a v\u0103 \u00eendruma \u0219i consilia. Contacta\u021bi-ne direct. Completa\u021bi formularul urm\u0103tor \u0219i v\u0103 vom r\u0103spunde c\u00e2t mai cur\u00e2nd posibil. Numele dvs.: Emailul dvs.: Solicitarea dvs.: Trimite<\/p>","protected":false},"author":1,"featured_media":0,"parent":0,"menu_order":0,"comment_status":"closed","ping_status":"closed","template":"","meta":{"_acf_changed":false,"footnotes":""},"class_list":["post-38","page","type-page","status-publish","hentry"],"acf":[],"yoast_head":"<!-- This site is optimized with the Yoast SEO plugin v23.2 - https:\/\/yoast.com\/wordpress\/plugins\/seo\/ -->\n<title>Coordonn\u00e9es - goldenstedter-moor.de<\/title>\n<meta name=\"description\" content=\"Besoin d\u2019informations sur nos tendances et v\u00eatements? \u00c9crivez-nous pour toute demande sur nos articles et conseils mode.\" \/>\n<meta name=\"robots\" content=\"index, follow, max-snippet:-1, max-image-preview:large, max-video-preview:-1\" \/>\n<link rel=\"canonical\" href=\"https:\/\/goldenstedter-moor.de\/ro\/coordonnees\/\" \/>\n<meta property=\"og:locale\" content=\"ro_RO\" \/>\n<meta property=\"og:type\" content=\"article\" \/>\n<meta property=\"og:title\" content=\"Coordonn\u00e9es - goldenstedter-moor.de\" \/>\n<meta property=\"og:description\" content=\"Besoin d\u2019informations sur nos tendances et v\u00eatements? \u00c9crivez-nous pour toute demande sur nos articles et conseils mode.\" \/>\n<meta property=\"og:url\" content=\"https:\/\/goldenstedter-moor.de\/ro\/coordonnees\/\" \/>\n<meta property=\"og:site_name\" content=\"goldenstedter-moor.de\" \/>\n<meta property=\"article:modified_time\" content=\"2025-02-07T08:07:07+00:00\" \/>\n<meta name=\"twitter:card\" content=\"summary_large_image\" \/>\n<meta name=\"twitter:label1\" content=\"Timp estimat pentru citire\" \/>\n\t<meta name=\"twitter:data1\" content=\"1 minut\" \/>\n<script type=\"application\/ld+json\" class=\"yoast-schema-graph\">{\"@context\":\"https:\/\/schema.org\",\"@graph\":[{\"@type\":\"WebPage\",\"@id\":\"https:\/\/goldenstedter-moor.de\/coordonnees\/\",\"url\":\"https:\/\/goldenstedter-moor.de\/coordonnees\/\",\"name\":\"Coordonn\u00e9es - goldenstedter-moor.de\",\"isPartOf\":{\"@id\":\"https:\/\/goldenstedter-moor.de\/#website\"},\"datePublished\":\"2025-02-06T15:25:23+00:00\",\"dateModified\":\"2025-02-07T08:07:07+00:00\",\"description\":\"Besoin d\u2019informations sur nos tendances et v\u00eatements? \u00c9crivez-nous pour toute demande sur nos articles et conseils mode.\",\"breadcrumb\":{\"@id\":\"https:\/\/goldenstedter-moor.de\/coordonnees\/#breadcrumb\"},\"inLanguage\":\"ro-RO\",\"potentialAction\":[{\"@type\":\"ReadAction\",\"target\":[\"https:\/\/goldenstedter-moor.de\/coordonnees\/\"]}]},{\"@type\":\"BreadcrumbList\",\"@id\":\"https:\/\/goldenstedter-moor.de\/coordonnees\/#breadcrumb\",\"itemListElement\":[{\"@type\":\"ListItem\",\"position\":1,\"name\":\"Home\",\"item\":\"https:\/\/goldenstedter-moor.de\/\"},{\"@type\":\"ListItem\",\"position\":2,\"name\":\"Coordonn\u00e9es\"}]},{\"@type\":\"WebSite\",\"@id\":\"https:\/\/goldenstedter-moor.de\/#website\",\"url\":\"https:\/\/goldenstedter-moor.de\/\",\"name\":\"goldenstedter-moor.de\",\"description\":\"Mode Inspirante: Astuces &amp; Styles\",\"potentialAction\":[{\"@type\":\"SearchAction\",\"target\":{\"@type\":\"EntryPoint\",\"urlTemplate\":\"https:\/\/goldenstedter-moor.de\/?s={search_term_string}\"},\"query-input\":\"required name=search_term_string\"}],\"inLanguage\":\"ro-RO\"}]}<\/script>\n<!-- \/ Yoast SEO plugin. -->","yoast_head_json":{"title":"Coordonn\u00e9es - goldenstedter-moor.de","description":"Besoin d\u2019informations sur nos tendances et v\u00eatements? \u00c9crivez-nous pour toute demande sur nos articles et conseils mode.","robots":{"index":"index","follow":"follow","max-snippet":"max-snippet:-1","max-image-preview":"max-image-preview:large","max-video-preview":"max-video-preview:-1"},"canonical":"https:\/\/goldenstedter-moor.de\/ro\/coordonnees\/","og_locale":"ro_RO","og_type":"article","og_title":"Coordonn\u00e9es - goldenstedter-moor.de","og_description":"Besoin d\u2019informations sur nos tendances et v\u00eatements? \u00c9crivez-nous pour toute demande sur nos articles et conseils mode.","og_url":"https:\/\/goldenstedter-moor.de\/ro\/coordonnees\/","og_site_name":"goldenstedter-moor.de","article_modified_time":"2025-02-07T08:07:07+00:00","twitter_card":"summary_large_image","twitter_misc":{"Timp estimat pentru citire":"1 minut"},"schema":{"@context":"https:\/\/schema.org","@graph":[{"@type":"WebPage","@id":"https:\/\/goldenstedter-moor.de\/coordonnees\/","url":"https:\/\/goldenstedter-moor.de\/coordonnees\/","name":"Coordonn\u00e9es - goldenstedter-moor.de","isPartOf":{"@id":"https:\/\/goldenstedter-moor.de\/#website"},"datePublished":"2025-02-06T15:25:23+00:00","dateModified":"2025-02-07T08:07:07+00:00","description":"Besoin d\u2019informations sur nos tendances et v\u00eatements? \u00c9crivez-nous pour toute demande sur nos articles et conseils mode.","breadcrumb":{"@id":"https:\/\/goldenstedter-moor.de\/coordonnees\/#breadcrumb"},"inLanguage":"ro-RO","potentialAction":[{"@type":"ReadAction","target":["https:\/\/goldenstedter-moor.de\/coordonnees\/"]}]},{"@type":"BreadcrumbList","@id":"https:\/\/goldenstedter-moor.de\/coordonnees\/#breadcrumb","itemListElement":[{"@type":"ListItem","position":1,"name":"Home","item":"https:\/\/goldenstedter-moor.de\/"},{"@type":"ListItem","position":2,"name":"Coordonn\u00e9es"}]},{"@type":"WebSite","@id":"https:\/\/goldenstedter-moor.de\/#website","url":"https:\/\/goldenstedter-moor.de\/","name":"goldenstedter-moor.de","description":"Mode Inspirante: Astuces &amp; Styles","potentialAction":[{"@type":"SearchAction","target":{"@type":"EntryPoint","urlTemplate":"https:\/\/goldenstedter-moor.de\/?s={search_term_string}"},"query-input":"required name=search_term_string"}],"inLanguage":"ro-RO"}]}},"yoast_meta":{"yoast_wpseo_title":"","yoast_wpseo_metadesc":"","yoast_wpseo_canonical":"https:\/\/goldenstedter-moor.de\/ro\/wp-json\/wp\/v2\/pages\/38"},"_links":{"self":[{"href":"https:\/\/goldenstedter-moor.de\/ro\/wp-json\/wp\/v2\/pages\/38","targetHints":{"allow":["GET"]}}],"collection":[{"href":"https:\/\/goldenstedter-moor.de\/ro\/wp-json\/wp\/v2\/pages"}],"about":[{"href":"https:\/\/goldenstedter-moor.de\/ro\/wp-json\/wp\/v2\/types\/page"}],"author":[{"embeddable":true,"href":"https:\/\/goldenstedter-moor.de\/ro\/wp-json\/wp\/v2\/users\/1"}],"replies":[{"embeddable":true,"href":"https:\/\/goldenstedter-moor.de\/ro\/wp-json\/wp\/v2\/comments?post=38"}],"version-history":[{"count":2,"href":"https:\/\/goldenstedter-moor.de\/ro\/wp-json\/wp\/v2\/pages\/38\/revisions"}],"predecessor-version":[{"id":64,"href":"https:\/\/goldenstedter-moor.de\/ro\/wp-json\/wp\/v2\/pages\/38\/revisions\/64"}],"wp:attachment":[{"href":"https:\/\/goldenstedter-moor.de\/ro\/wp-json\/wp\/v2\/media?parent=38"}],"curies":[{"name":"wp","href":"https:\/\/api.w.org\/{rel}","templated":true}]}}